{"id":18427,"date":"2024-08-26T14:39:51","date_gmt":"2024-08-26T14:39:51","guid":{"rendered":"https:\/\/mchome.com.pt\/produto\/couverture\/"},"modified":"2024-08-26T14:39:51","modified_gmt":"2024-08-26T14:39:51","slug":"couverture","status":"publish","type":"product","link":"https:\/\/mchome.com.pt\/fr\/produto\/couverture\/","title":{"rendered":"Couverture"},"content":{"rendered":"<p>Couverture \u00e9l\u00e9ment d\u00e9coratif \u00e9clectique. Elle apporte confort et \u00e9l\u00e9gance \u00e0 votre maison. Styles de conception vari\u00e9s.<\/p>\n","protected":false},"excerpt":{"rendered":"<p>Couverture \u00e9l\u00e9ment d\u00e9coratif \u00e9clectique. Elle apporte confort et \u00e9l\u00e9gance \u00e0 votre maison. Styles de conception vari\u00e9s.<\/p>\n","protected":false},"featured_media":18408,"template":"","meta":{"inline_featured_image":false},"product_cat":[92],"product_tag":[],"class_list":{"0":"post-18427","1":"product","2":"type-product","3":"status-publish","4":"has-post-thumbnail","6":"product_cat-produits","8":"first","9":"instock","10":"shipping-taxable","11":"purchasable","12":"product-type-simple"},"_links":{"self":[{"href":"https:\/\/mchome.com.pt\/fr\/wp-json\/wp\/v2\/product\/18427","targetHints":{"allow":["GET"]}}],"collection":[{"href":"https:\/\/mchome.com.pt\/fr\/wp-json\/wp\/v2\/product"}],"about":[{"href":"https:\/\/mchome.com.pt\/fr\/wp-json\/wp\/v2\/types\/product"}],"wp:featuredmedia":[{"embeddable":true,"href":"https:\/\/mchome.com.pt\/fr\/wp-json\/wp\/v2\/media\/18408"}],"wp:attachment":[{"href":"https:\/\/mchome.com.pt\/fr\/wp-json\/wp\/v2\/media?parent=18427"}],"wp:term":[{"taxonomy":"product_cat","embeddable":true,"href":"https:\/\/mchome.com.pt\/fr\/wp-json\/wp\/v2\/product_cat?post=18427"},{"taxonomy":"product_tag","embeddable":true,"href":"https:\/\/mchome.com.pt\/fr\/wp-json\/wp\/v2\/product_tag?post=18427"}],"curies":[{"name":"wp","href":"https:\/\/api.w.org\/{rel}","templated":true}]}}