{"id":18425,"date":"2024-08-26T14:54:11","date_gmt":"2024-08-26T14:54:11","guid":{"rendered":"https:\/\/mchome.com.pt\/produto\/dessin-ferme\/"},"modified":"2024-08-26T14:54:11","modified_gmt":"2024-08-26T14:54:11","slug":"dessin-ferme","status":"publish","type":"product","link":"https:\/\/mchome.com.pt\/fr\/produto\/dessin-ferme\/","title":{"rendered":"Dessin Ferm\u00e9"},"content":{"rendered":"<p>Nous personnalisons des couettes en utilisant des mod\u00e8les ferm\u00e9s, nous cr\u00e9ons pour vous.<\/p>\n","protected":false},"excerpt":{"rendered":"<p>Nous personnalisons des couettes en utilisant des mod\u00e8les ferm\u00e9s, nous cr\u00e9ons pour vous.<\/p>\n","protected":false},"featured_media":18403,"template":"","meta":{"inline_featured_image":false},"product_cat":[92],"product_tag":[],"class_list":{"0":"post-18425","1":"product","2":"type-product","3":"status-publish","4":"has-post-thumbnail","6":"product_cat-produits","8":"first","9":"instock","10":"shipping-taxable","11":"purchasable","12":"product-type-simple"},"_links":{"self":[{"href":"https:\/\/mchome.com.pt\/fr\/wp-json\/wp\/v2\/product\/18425","targetHints":{"allow":["GET"]}}],"collection":[{"href":"https:\/\/mchome.com.pt\/fr\/wp-json\/wp\/v2\/product"}],"about":[{"href":"https:\/\/mchome.com.pt\/fr\/wp-json\/wp\/v2\/types\/product"}],"wp:featuredmedia":[{"embeddable":true,"href":"https:\/\/mchome.com.pt\/fr\/wp-json\/wp\/v2\/media\/18403"}],"wp:attachment":[{"href":"https:\/\/mchome.com.pt\/fr\/wp-json\/wp\/v2\/media?parent=18425"}],"wp:term":[{"taxonomy":"product_cat","embeddable":true,"href":"https:\/\/mchome.com.pt\/fr\/wp-json\/wp\/v2\/product_cat?post=18425"},{"taxonomy":"product_tag","embeddable":true,"href":"https:\/\/mchome.com.pt\/fr\/wp-json\/wp\/v2\/product_tag?post=18425"}],"curies":[{"name":"wp","href":"https:\/\/api.w.org\/{rel}","templated":true}]}}