{"id":18421,"date":"2024-08-27T11:48:12","date_gmt":"2024-08-27T11:48:12","guid":{"rendered":"https:\/\/mchome.com.pt\/produto\/collection-blanche\/"},"modified":"2024-08-27T11:48:12","modified_gmt":"2024-08-27T11:48:12","slug":"collection-blanche","status":"publish","type":"product","link":"https:\/\/mchome.com.pt\/fr\/produto\/collection-blanche\/","title":{"rendered":"Collection Blanche"},"content":{"rendered":"<p>Couette polyvalente, l\u00e9g\u00e8re et douce con\u00e7ue pour offrir confort thermique et durabilit\u00e9.<br \/>\nNous produisons en coton ou en polyester.<\/p>\n","protected":false},"excerpt":{"rendered":"<p>Couette polyvalente, l\u00e9g\u00e8re et douce con\u00e7ue pour offrir confort thermique et durabilit\u00e9.<\/p>\n","protected":false},"featured_media":18397,"template":"","meta":{"inline_featured_image":false},"product_cat":[92],"product_tag":[],"class_list":{"0":"post-18421","1":"product","2":"type-product","3":"status-publish","4":"has-post-thumbnail","6":"product_cat-produits","8":"first","9":"instock","10":"featured","11":"shipping-taxable","12":"purchasable","13":"product-type-simple"},"_links":{"self":[{"href":"https:\/\/mchome.com.pt\/fr\/wp-json\/wp\/v2\/product\/18421","targetHints":{"allow":["GET"]}}],"collection":[{"href":"https:\/\/mchome.com.pt\/fr\/wp-json\/wp\/v2\/product"}],"about":[{"href":"https:\/\/mchome.com.pt\/fr\/wp-json\/wp\/v2\/types\/product"}],"wp:featuredmedia":[{"embeddable":true,"href":"https:\/\/mchome.com.pt\/fr\/wp-json\/wp\/v2\/media\/18397"}],"wp:attachment":[{"href":"https:\/\/mchome.com.pt\/fr\/wp-json\/wp\/v2\/media?parent=18421"}],"wp:term":[{"taxonomy":"product_cat","embeddable":true,"href":"https:\/\/mchome.com.pt\/fr\/wp-json\/wp\/v2\/product_cat?post=18421"},{"taxonomy":"product_tag","embeddable":true,"href":"https:\/\/mchome.com.pt\/fr\/wp-json\/wp\/v2\/product_tag?post=18421"}],"curies":[{"name":"wp","href":"https:\/\/api.w.org\/{rel}","templated":true}]}}