{"id":18419,"date":"2024-08-27T11:59:19","date_gmt":"2024-08-27T11:59:19","guid":{"rendered":"https:\/\/mchome.com.pt\/produto\/polaire\/"},"modified":"2024-08-27T11:59:19","modified_gmt":"2024-08-27T11:59:19","slug":"polaire","status":"publish","type":"product","link":"https:\/\/mchome.com.pt\/fr\/produto\/polaire\/","title":{"rendered":"Polaire"},"content":{"rendered":"<p>Polaire, tissu \u00e9ponge, l\u00e9ger, 100% polyester, id\u00e9al pour le temps froid. Excellent rapport qualit\u00e9\/prix.<\/p>\n","protected":false},"excerpt":{"rendered":"<p>Polaire, tissu \u00e9ponge, l\u00e9ger, 100% polyester, id\u00e9al pour le temps froid. Excellent rapport qualit\u00e9\/prix.<\/p>\n","protected":false},"featured_media":18394,"template":"","meta":{"inline_featured_image":false},"product_cat":[92],"product_tag":[],"class_list":{"0":"post-18419","1":"product","2":"type-product","3":"status-publish","4":"has-post-thumbnail","6":"product_cat-produits","8":"first","9":"instock","10":"shipping-taxable","11":"purchasable","12":"product-type-simple"},"_links":{"self":[{"href":"https:\/\/mchome.com.pt\/fr\/wp-json\/wp\/v2\/product\/18419","targetHints":{"allow":["GET"]}}],"collection":[{"href":"https:\/\/mchome.com.pt\/fr\/wp-json\/wp\/v2\/product"}],"about":[{"href":"https:\/\/mchome.com.pt\/fr\/wp-json\/wp\/v2\/types\/product"}],"wp:featuredmedia":[{"embeddable":true,"href":"https:\/\/mchome.com.pt\/fr\/wp-json\/wp\/v2\/media\/18394"}],"wp:attachment":[{"href":"https:\/\/mchome.com.pt\/fr\/wp-json\/wp\/v2\/media?parent=18419"}],"wp:term":[{"taxonomy":"product_cat","embeddable":true,"href":"https:\/\/mchome.com.pt\/fr\/wp-json\/wp\/v2\/product_cat?post=18419"},{"taxonomy":"product_tag","embeddable":true,"href":"https:\/\/mchome.com.pt\/fr\/wp-json\/wp\/v2\/product_tag?post=18419"}],"curies":[{"name":"wp","href":"https:\/\/api.w.org\/{rel}","templated":true}]}}