{"id":18415,"date":"2024-08-27T12:11:46","date_gmt":"2024-08-27T12:11:46","guid":{"rendered":"https:\/\/mchome.com.pt\/produto\/couvre-lit-ultrasson\/"},"modified":"2024-08-27T12:11:46","modified_gmt":"2024-08-27T12:11:46","slug":"couvre-lit-ultrasson","status":"publish","type":"product","link":"https:\/\/mchome.com.pt\/fr\/produto\/couvre-lit-ultrasson\/","title":{"rendered":"Couvre-lit Ultrasson"},"content":{"rendered":"<p>Couette Bouty, une pi\u00e8ce l\u00e9g\u00e8re, parfaite pour les mois de printemps et d&rsquo;\u00e9t\u00e9. Disponible dans une grande vari\u00e9t\u00e9 de couleurs, de motifs, de matrices et de tailles.<\/p>\n","protected":false},"excerpt":{"rendered":"<p>Couette Bouty, une pi\u00e8ce l\u00e9g\u00e8re, parfaite pour les mois de printemps et d&rsquo;\u00e9t\u00e9.<\/p>\n","protected":false},"featured_media":18387,"template":"","meta":{"inline_featured_image":false},"product_cat":[92],"product_tag":[],"class_list":{"0":"post-18415","1":"product","2":"type-product","3":"status-publish","4":"has-post-thumbnail","6":"product_cat-produits","8":"first","9":"instock","10":"shipping-taxable","11":"purchasable","12":"product-type-simple"},"_links":{"self":[{"href":"https:\/\/mchome.com.pt\/fr\/wp-json\/wp\/v2\/product\/18415","targetHints":{"allow":["GET"]}}],"collection":[{"href":"https:\/\/mchome.com.pt\/fr\/wp-json\/wp\/v2\/product"}],"about":[{"href":"https:\/\/mchome.com.pt\/fr\/wp-json\/wp\/v2\/types\/product"}],"wp:featuredmedia":[{"embeddable":true,"href":"https:\/\/mchome.com.pt\/fr\/wp-json\/wp\/v2\/media\/18387"}],"wp:attachment":[{"href":"https:\/\/mchome.com.pt\/fr\/wp-json\/wp\/v2\/media?parent=18415"}],"wp:term":[{"taxonomy":"product_cat","embeddable":true,"href":"https:\/\/mchome.com.pt\/fr\/wp-json\/wp\/v2\/product_cat?post=18415"},{"taxonomy":"product_tag","embeddable":true,"href":"https:\/\/mchome.com.pt\/fr\/wp-json\/wp\/v2\/product_tag?post=18415"}],"curies":[{"name":"wp","href":"https:\/\/api.w.org\/{rel}","templated":true}]}}