{"id":17178,"date":"2024-04-17T08:50:12","date_gmt":"2024-04-17T08:50:12","guid":{"rendered":"https:\/\/mchome.com.pt\/termos-condicoes\/"},"modified":"2025-04-29T10:07:13","modified_gmt":"2025-04-29T10:07:13","slug":"termes-conditions","status":"publish","type":"page","link":"https:\/\/mchome.com.pt\/fr\/termes-conditions\/","title":{"rendered":"Termes &#038; Conditions"},"content":{"rendered":"\t\t<div data-elementor-type=\"wp-page\" data-elementor-id=\"17178\" class=\"elementor elementor-17178 elementor-17170\">\n\t\t\t\t<div class=\"elementor-element elementor-element-b0fddcc e-flex e-con-boxed sc_layouts_column_icons_position_left e-con e-parent\" data-id=\"b0fddcc\" data-element_type=\"container\">\n\t\t\t\t\t<div class=\"e-con-inner\">\n\t\t\t\t<div class=\"elementor-element elementor-element-cef406f sc_fly_static elementor-widget elementor-widget-text-editor\" data-id=\"cef406f\" data-element_type=\"widget\" data-widget_type=\"text-editor.default\">\n\t\t\t\t<div class=\"elementor-widget-container\">\n\t\t\t\t\t\t\t<h4>Pr\u00e9face<\/h4><p style=\"text-align: justify;\">Conform\u00e9ment aux dispositions du DL n\u00ba 24\/2014, du 14 f\u00e9vrier et de la loi n\u00ba 94\/96, du 31 juillet, ce document \u00e9tablit les termes et conditions \u00e0 respecter lors de l&rsquo;utilisation du site Web www.mchome.com.pt.<\/p><p style=\"text-align: justify;\">Par cons\u00e9quent, les utilisateurs du site Web doivent lire attentivement les conditions et la politique de confidentialit\u00e9 avant de l&rsquo;utiliser, car en l&rsquo;utilisant, ils consentent \u00e0 \u00eatre li\u00e9s par ces conditions.<\/p><p style=\"text-align: justify;\">En cas de d\u00e9saccord avec ces conditions et cette politique de confidentialit\u00e9, les utilisateurs ne doivent pas utiliser le site Web www.mchome.com.br.<\/p><p style=\"text-align: justify;\">Ces conditions peuvent \u00eatre modifi\u00e9es, librement et sans pr\u00e9avis, afin de les adapter \u00e0 la l\u00e9gislation applicable. \u00c0 ce titre, il est de la responsabilit\u00e9 des utilisateurs de lire p\u00e9riodiquement la Politique de Confidentialit\u00e9 et les Conditions G\u00e9n\u00e9rales, car les dispositions en vigueur \u00e0 la date d&rsquo;utilisation du site Web s&rsquo;appliqueront.<\/p><p style=\"text-align: justify;\">Ces conditions g\u00e9n\u00e9rales sont convenues entre M&amp;C Home et tout utilisateur qui navigue sur le site www.mchome.com.br.<\/p><h4 style=\"margin-top: 30px;\">1\u00ba responsabilit\u00e9<\/h4><p style=\"text-align: justify;\">1\u00ba Pour toutes les \u00e9tapes d&rsquo;acc\u00e8s \u00e0 la page www.mchome.com.pt, M&amp;C Home n&rsquo;a qu&rsquo;une obligation de moyens.<\/p><p style=\"text-align: justify;\">2\u00ba M&amp;C Home ne garantit pas et n&rsquo;est pas responsable des inconv\u00e9nients ou dommages inh\u00e9rents \u00e0 l&rsquo;utilisation du r\u00e9seau internet, d&rsquo;une rupture de service, d&rsquo;une intrusion ext\u00e9rieure ou de la pr\u00e9sence de virus informatiques, ou de tout autre cas de force majeure.<\/p><p style=\"text-align: justify;\">3\u00ba Les produits ou services seront d\u00e9crits et pr\u00e9sent\u00e9s sur le site www.mchome.com.br aussi pr\u00e9cis\u00e9ment que possible. Si des erreurs persistent sur le site www.mchome.com.br, M&amp;C Home n&rsquo;est pas responsable de ce fait.<\/p><p style=\"text-align: justify;\">4\u00ba Les dispositions des pr\u00e9sentes n&rsquo;affectent pas les droits accord\u00e9s aux utilisateurs, relatifs \u00e0 la r\u00e9siliation du contrat.<\/p><h4 style=\"margin-top: 30px;\">2\u00ba Traitement des donn\u00e9es personnelles<\/h4><p style=\"text-align: justify;\">1er Les informations ou donn\u00e9es fournies par les utilisateurs seront trait\u00e9es conform\u00e9ment aux dispositions de la Politique de confidentialit\u00e9.<\/p><p style=\"text-align: justify;\">2\u00ba En utilisant le site www.mchome.com.pt, l&rsquo;utilisateur consent au traitement des informations et des donn\u00e9es mentionn\u00e9es au num\u00e9ro pr\u00e9c\u00e9dent et d\u00e9clare que toutes les informations fournies sont vraies et correspondent \u00e0 la r\u00e9alit\u00e9.<\/p><p style=\"text-align: justify;\">3\u00ba Les donn\u00e9es personnelles seront utilis\u00e9es par M&amp;C Home pour des actions d&rsquo;information et de diffusion.<\/p><p style=\"text-align: justify;\">4\u00ba L&rsquo;utilisateur b\u00e9n\u00e9ficie d&rsquo;un droit d&rsquo;acc\u00e8s, de rectification, de modification ou de suppression de ses donn\u00e9es personnelles.<\/p><p style=\"text-align: justify;\">5\u00ba Bien que M&amp;C Home collecte et traite les donn\u00e9es de mani\u00e8re s\u00e9curis\u00e9e et pr\u00e9vienne toute perte ou manipulation, en utilisant les techniques les plus avanc\u00e9es \u00e0 cet effet, nous vous informons que la collecte sur un r\u00e9seau ouvert permet la circulation de donn\u00e9es personnelles sans conditions de s\u00e9curit\u00e9, au risque qu&rsquo;elles soient consult\u00e9es et utilis\u00e9es par des tiers non autoris\u00e9s.<\/p><h4 style=\"margin-top: 30px;\">3\u00ba Virus, piratage et autres attaques informatiques<\/h4><p style=\"text-align: justify;\">M&amp;C Home n&rsquo;est pas responsable des dommages ou pertes r\u00e9sultant d&rsquo;une attaque par d\u00e9ni de service, de virus ou de tout autre programme ou mat\u00e9riel technologiquement nuisible ou pr\u00e9judiciable qui pourrait affecter l&rsquo;ordinateur, l&rsquo;\u00e9quipement informatique, l&rsquo;\u00e9lectronique, les donn\u00e9es ou le mat\u00e9riel de l&rsquo;utilisateur, \u00e0 la suite de l&rsquo;utilisation du site Web www.mchome.com.br ou du t\u00e9l\u00e9chargement de contenu \u00e0 partir de celui-ci ou du contenu vers lequel il redirige.<\/p><h4 style=\"margin-top: 30px;\">4\u00ba Propri\u00e9t\u00e9 Intellectuelle<\/h4><p style=\"text-align: justify;\">1\u00ba Tous les \u00e9l\u00e9ments, qu&rsquo;ils soient sonores ou visuels, du site www.mchome.com.pt, y compris la technologie sous-jacente, sont prot\u00e9g\u00e9s par le droit d&rsquo;auteur, des marques ou des brevets.<\/p><p style=\"text-align: justify;\">2\u00ba L&rsquo;utilisateur qui dispose d&rsquo;un site Web personnel et qui souhaite placer, pour un usage personnel, sur son site Web un lien simple et direct vers la page www.mchome.com.pt doit demander une autorisation pr\u00e9alable \u00e0 la soci\u00e9t\u00e9 M&amp;C Home. L&rsquo;autorisation n&rsquo;est valable que si elle est fournie par \u00e9crit.<\/p><p style=\"text-align: justify;\">3\u00ba Tout lien ou hypertexte pointant vers le site www.mchome.com.pt utilisant des techniques de framing ou de in-line linking est formellement interdit.<\/p><p style=\"text-align: justify;\">4\u00ba Dans tous les cas, l&rsquo;utilisation de tout lien, y compris ceux vis\u00e9s aux 2\u00e8me et 3\u00e8me du pr\u00e9sent article, m\u00eame autoris\u00e9, devra \u00eatre retir\u00e9e sur simple demande de la soci\u00e9t\u00e9 M&amp;C Home.<\/p><h4 style=\"margin-top: 30px;\">5\u00ba accord total<\/h4><p style=\"text-align: justify;\">Ces conditions g\u00e9n\u00e9rales constituent l&rsquo;int\u00e9gralit\u00e9 de l&rsquo;accord entre M&amp;C Home et vous. Si l&rsquo;une quelconque des clauses des pr\u00e9sentes conditions devient nulle ou non avenue en raison d&rsquo;un changement de l\u00e9gislation, de r\u00e9glementation ou d&rsquo;un arr\u00eat, elle sera consid\u00e9r\u00e9e comme non \u00e9crite.<\/p><h4 style=\"margin-top: 30px;\">6\u00ba amendement unilat\u00e9ral des pr\u00e9sentes conditions<\/h4><p style=\"text-align: justify;\">1\u00ba Ces conditions peuvent \u00eatre modifi\u00e9es \u00e0 tout moment. L&rsquo;utilisateur est soumis aux politiques et conditions en vigueur au moment o\u00f9 il utilise le site Web www.mchome.com.br, sauf lorsque, par la loi ou par d\u00e9cision des organismes gouvernementaux, des modifications sont apport\u00e9es r\u00e9troactivement.<\/p><h4 style=\"margin-top: 30px;\">7\u00ba L\u00e9gislation applicable et juridiction<\/h4><p style=\"text-align: justify;\">La loi portugaise s&rsquo;applique \u00e0 ces conditions. Tout litige d\u00e9coulant des pr\u00e9sentes conditions sera soumis au tribunal portugais comp\u00e9tent.<\/p><h4 style=\"margin-top: 30px;\">8\u00ba mode alternatif de r\u00e9solution des conflits<\/h4><p style=\"text-align: justify;\">En cas de litige de consommation, le consommateur peut recourir \u00e0 une entit\u00e9 de r\u00e8glement des litiges de consommation.<\/p><p style=\"text-align: justify;\">Pour plus d&rsquo;informations sur le portail des consommateurs &#8211; <a href=\"https:\/\/www.consumidor.gov.pt\/\" target=\"_blank\" rel=\"noopener\">www.consumidor.pt<\/a><\/p>\t\t\t\t\t\t<\/div>\n\t\t\t\t<\/div>\n\t\t\t\t\t<\/div>\n\t\t\t\t<\/div>\n\t\t\t\t<\/div>\n\t\t","protected":false},"excerpt":{"rendered":"<p>Pr\u00e9face Conform\u00e9ment aux dispositions du DL n\u00ba 24\/2014, du 14 f\u00e9vrier et de la loi n\u00ba 94\/96, du 31 juillet, ce document \u00e9tablit les termes et conditions \u00e0 respecter lors&hellip;<\/p>\n","protected":false},"author":1,"featured_media":0,"parent":0,"menu_order":0,"comment_status":"closed","ping_status":"closed","template":"","meta":{"inline_featured_image":false,"footnotes":""},"class_list":["post-17178","page","type-page","status-publish","hentry"],"_links":{"self":[{"href":"https:\/\/mchome.com.pt\/fr\/wp-json\/wp\/v2\/pages\/17178","targetHints":{"allow":["GET"]}}],"collection":[{"href":"https:\/\/mchome.com.pt\/fr\/wp-json\/wp\/v2\/pages"}],"about":[{"href":"https:\/\/mchome.com.pt\/fr\/wp-json\/wp\/v2\/types\/page"}],"author":[{"embeddable":true,"href":"https:\/\/mchome.com.pt\/fr\/wp-json\/wp\/v2\/users\/1"}],"replies":[{"embeddable":true,"href":"https:\/\/mchome.com.pt\/fr\/wp-json\/wp\/v2\/comments?post=17178"}],"version-history":[{"count":5,"href":"https:\/\/mchome.com.pt\/fr\/wp-json\/wp\/v2\/pages\/17178\/revisions"}],"predecessor-version":[{"id":19704,"href":"https:\/\/mchome.com.pt\/fr\/wp-json\/wp\/v2\/pages\/17178\/revisions\/19704"}],"wp:attachment":[{"href":"https:\/\/mchome.com.pt\/fr\/wp-json\/wp\/v2\/media?parent=17178"}],"curies":[{"name":"wp","href":"https:\/\/api.w.org\/{rel}","templated":true}]}}