{"id":16853,"date":"2024-04-16T08:57:47","date_gmt":"2024-04-16T08:57:47","guid":{"rendered":"https:\/\/mchome.com.pt\/politica-de-privacidade\/"},"modified":"2025-04-29T10:05:55","modified_gmt":"2025-04-29T10:05:55","slug":"politique-de-confidentialite","status":"publish","type":"page","link":"https:\/\/mchome.com.pt\/fr\/politique-de-confidentialite\/","title":{"rendered":"Politique de Confidentialit\u00e9"},"content":{"rendered":"\t\t<div data-elementor-type=\"wp-page\" data-elementor-id=\"16853\" class=\"elementor elementor-16853 elementor-16847\">\n\t\t\t\t<div class=\"elementor-element elementor-element-accab97 e-flex e-con-boxed sc_layouts_column_icons_position_left e-con e-parent\" data-id=\"accab97\" data-element_type=\"container\">\n\t\t\t\t\t<div class=\"e-con-inner\">\n\t\t\t\t<div class=\"elementor-element elementor-element-800fd2d information_page_text_container sc_fly_static elementor-widget elementor-widget-text-editor\" data-id=\"800fd2d\" data-element_type=\"widget\" data-widget_type=\"text-editor.default\">\n\t\t\t\t<div class=\"elementor-widget-container\">\n\t\t\t\t\t\t\t<p style=\"text-align: justify;\">L&rsquo;acc\u00e8s et l&rsquo;utilisation du site Web www.mchome.com.pt attribuent le statut d&rsquo;utilisateur au visiteur de la page Web et impliquent l&rsquo;acceptation pleine et sans r\u00e9serve des conditions d&rsquo;utilisation en vigueur au moment de l&rsquo;utilisation du site Web.<\/p><p style=\"text-align: justify;\">M&amp;C Home s&rsquo;engage \u00e0 garantir la confidentialit\u00e9 de tous ses clients, en pr\u00e9servant la confidentialit\u00e9 de leurs donn\u00e9es personnelles conform\u00e9ment \u00e0 la l\u00e9gislation applicable (loi sur la protection des donn\u00e9es n\u00b0 67\/98 du 26 octobre) et en garantissant le droit d&rsquo;acc\u00e8s, de rectification et d&rsquo;annulation de toute donn\u00e9e fournie, en personne ou par \u00e9crit.<\/p><p style=\"text-align: justify;\">En tant qu&rsquo;entit\u00e9 responsable de la collecte et du traitement des donn\u00e9es personnelles, M&amp;C Home ne fournira que les informations strictement n\u00e9cessaires aux entit\u00e9s dont la collaboration est essentielle \u00e0 la fourniture de son service.<\/p><p style=\"text-align: justify;\">Si l&rsquo;utilisateur souhaite modifier, corriger ou supprimer ses donn\u00e9es personnelles, il peut le faire facilement et gratuitement aupr\u00e8s du responsable du traitement des donn\u00e9es sur le site www.mchome.com.br.<\/p><p style=\"text-align: justify;\">M&amp;C Home peut collecter les informations personnelles suivantes aupr\u00e8s des utilisateurs de son site Web via les formulaires correspondants : nom, adresse e-mail, adresse postale, num\u00e9ro de t\u00e9l\u00e9phone, date de naissance, sexe, lorsque l&rsquo;utilisateur visite le site Web www.mchome.com.br s&rsquo;il demande une demande de contact.<\/p><p style=\"text-align: justify;\">Les donn\u00e9es collect\u00e9es seront utilis\u00e9es pour contacter l&rsquo;utilisateur en cas de questions ou de demandes de contact.<\/p><p style=\"text-align: justify;\">M&amp;C Home adoptera toutes les mesures n\u00e9cessaires pour garantir la s\u00e9curit\u00e9 et l&rsquo;int\u00e9grit\u00e9 des donn\u00e9es personnelles des utilisateurs, ainsi que pour emp\u00eacher leur perte, leur alt\u00e9ration et\/ou leur acc\u00e8s par des tiers non autoris\u00e9s.<\/p><p style=\"text-align: justify;\">M&amp;C Home ne communiquera pas d&rsquo;informations relatives aux donn\u00e9es personnelles des utilisateurs \u00e0 des tiers, sauf consentement pr\u00e9alable, expr\u00e8s et sans \u00e9quivoque des utilisateurs. Toutefois, M&amp;C Home pourra communiquer les donn\u00e9es personnelles des utilisateurs afin de remplir les contrats conclus et de respecter tous les engagements pris envers les utilisateurs.<\/p><p style=\"text-align: justify;\">Bien que M&amp;C Home collecte et traite les donn\u00e9es de mani\u00e8re s\u00e9curis\u00e9e et pr\u00e9vienne toute perte ou manipulation, en utilisant les techniques les plus avanc\u00e9es \u00e0 cet effet, nous vous informons que la collecte sur un r\u00e9seau ouvert permet la circulation de donn\u00e9es personnelles sans conditions de s\u00e9curit\u00e9, au risque qu&rsquo;elles soient consult\u00e9es et utilis\u00e9es par des tiers non autoris\u00e9s.<\/p><p style=\"text-align: justify;\">M&amp;C Home n&rsquo;est pas responsable des dommages ou pertes r\u00e9sultant d&rsquo;une attaque par d\u00e9ni de service, de virus ou de tout autre programme ou mat\u00e9riel technologiquement nuisible ou pr\u00e9judiciable qui pourrait affecter l&rsquo;ordinateur, l&rsquo;\u00e9quipement informatique, l&rsquo;\u00e9lectronique, les donn\u00e9es ou le mat\u00e9riel de l&rsquo;utilisateur, \u00e0 la suite de l&rsquo;utilisation du site Web www.mchome.com.br ou du t\u00e9l\u00e9chargement de contenu \u00e0 partir de celui-ci ou du contenu vers lequel il redirige.<\/p><p style=\"text-align: justify;\">Tous les \u00e9l\u00e9ments, qu&rsquo;ils soient sonores ou visuels, du site www.mchome.com.pt, y compris la technologie sous-jacente, sont prot\u00e9g\u00e9s par le droit d&rsquo;auteur, des marques ou des brevets.<\/p><p style=\"text-align: justify;\">Tout utilisateur disposant d&rsquo;un site Internet personnel et souhaitant placer, pour un usage personnel, un lien simple et direct vers la page www.mchome.com.pt sur son site Internet doit demander une autorisation pr\u00e9alable \u00e0 la soci\u00e9t\u00e9 M&amp;C Home. L&rsquo;autorisation n&rsquo;est valable que si elle est fournie par \u00e9crit.<\/p>\t\t\t\t\t\t<\/div>\n\t\t\t\t<\/div>\n\t\t\t\t\t<\/div>\n\t\t\t\t<\/div>\n\t\t\t\t<\/div>\n\t\t","protected":false},"excerpt":{"rendered":"<p>L&rsquo;acc\u00e8s et l&rsquo;utilisation du site Web www.mchome.com.pt attribuent le statut d&rsquo;utilisateur au visiteur de la page Web et impliquent l&rsquo;acceptation pleine et sans r\u00e9serve des conditions d&rsquo;utilisation en vigueur au&hellip;<\/p>\n","protected":false},"author":1,"featured_media":0,"parent":0,"menu_order":0,"comment_status":"closed","ping_status":"closed","template":"","meta":{"inline_featured_image":false,"footnotes":""},"class_list":["post-16853","page","type-page","status-publish","hentry"],"_links":{"self":[{"href":"https:\/\/mchome.com.pt\/fr\/wp-json\/wp\/v2\/pages\/16853","targetHints":{"allow":["GET"]}}],"collection":[{"href":"https:\/\/mchome.com.pt\/fr\/wp-json\/wp\/v2\/pages"}],"about":[{"href":"https:\/\/mchome.com.pt\/fr\/wp-json\/wp\/v2\/types\/page"}],"author":[{"embeddable":true,"href":"https:\/\/mchome.com.pt\/fr\/wp-json\/wp\/v2\/users\/1"}],"replies":[{"embeddable":true,"href":"https:\/\/mchome.com.pt\/fr\/wp-json\/wp\/v2\/comments?post=16853"}],"version-history":[{"count":5,"href":"https:\/\/mchome.com.pt\/fr\/wp-json\/wp\/v2\/pages\/16853\/revisions"}],"predecessor-version":[{"id":19688,"href":"https:\/\/mchome.com.pt\/fr\/wp-json\/wp\/v2\/pages\/16853\/revisions\/19688"}],"wp:attachment":[{"href":"https:\/\/mchome.com.pt\/fr\/wp-json\/wp\/v2\/media?parent=16853"}],"curies":[{"name":"wp","href":"https:\/\/api.w.org\/{rel}","templated":true}]}}